{"id":687,"date":"2025-03-17T12:16:33","date_gmt":"2025-03-17T15:16:33","guid":{"rendered":"https:\/\/www.alitaware.com\/web\/?page_id=687"},"modified":"2026-03-06T12:05:43","modified_gmt":"2026-03-06T15:05:43","slug":"contacto","status":"publish","type":"page","link":"https:\/\/www.alitaware.com\/web\/contacto\/","title":{"rendered":"Contacto"},"content":{"rendered":"\t\t<div data-elementor-type=\"wp-page\" data-elementor-id=\"687\" class=\"elementor elementor-687\" data-elementor-post-type=\"page\">\n\t\t\t\t<div class=\"elementor-element elementor-element-c7e4c52 e-flex e-con-boxed e-con e-parent\" data-id=\"c7e4c52\" data-element_type=\"container\" data-e-type=\"container\" data-settings=\"{&quot;background_background&quot;:&quot;classic&quot;}\">\n\t\t\t\t\t<div class=\"e-con-inner\">\n\t\t\t\t<div class=\"elementor-element elementor-element-559c0e6 elementor-widget elementor-widget-heading\" data-id=\"559c0e6\" data-element_type=\"widget\" data-e-type=\"widget\" data-widget_type=\"heading.default\">\n\t\t\t\t\t<h2 class=\"elementor-heading-title elementor-size-default\">Contacto<\/h2>\t\t\t\t<\/div>\n\t\t\t\t<div class=\"elementor-element elementor-element-3c5eb74 elementor-button-align-stretch elementor-widget elementor-widget-form\" data-id=\"3c5eb74\" data-element_type=\"widget\" data-e-type=\"widget\" data-settings=\"{&quot;button_width&quot;:&quot;20&quot;,&quot;step_next_label&quot;:&quot;Next&quot;,&quot;step_previous_label&quot;:&quot;Previous&quot;,&quot;step_type&quot;:&quot;number_text&quot;,&quot;step_icon_shape&quot;:&quot;circle&quot;}\" data-widget_type=\"form.default\">\n\t\t\t\t\t\t\t<form class=\"elementor-form\" method=\"post\" name=\"Contacto\" aria-label=\"Contacto\">\n\t\t\t<input type=\"hidden\" name=\"post_id\" value=\"687\"\/>\n\t\t\t<input type=\"hidden\" name=\"form_id\" value=\"3c5eb74\"\/>\n\t\t\t<input type=\"hidden\" name=\"referer_title\" value=\"Contacto - Alitaware\" \/>\n\n\t\t\t\t\t\t\t<input type=\"hidden\" name=\"queried_id\" value=\"687\"\/>\n\t\t\t\n\t\t\t<div class=\"elementor-form-fields-wrapper elementor-labels-\">\n\t\t\t\t\t\t\t\t<div class=\"elementor-field-type-text elementor-field-group elementor-column elementor-field-group-name elementor-col-100 elementor-field-required\">\n\t\t\t\t\t\t\t\t\t\t\t\t<label for=\"form-field-name\" class=\"elementor-field-label elementor-screen-only\">\n\t\t\t\t\t\t\t\tNombre y Apellido\t\t\t\t\t\t\t<\/label>\n\t\t\t\t\t\t\t\t\t\t\t\t\t\t<input size=\"1\" type=\"text\" name=\"form_fields[name]\" id=\"form-field-name\" class=\"elementor-field elementor-size-sm  elementor-field-textual\" placeholder=\"Nombre y Apellido\" required=\"required\">\n\t\t\t\t\t\t\t\t\t\t\t<\/div>\n\t\t\t\t\t\t\t\t<div class=\"elementor-field-type-email elementor-field-group elementor-column elementor-field-group-email elementor-col-100 elementor-field-required\">\n\t\t\t\t\t\t\t\t\t\t\t\t<label for=\"form-field-email\" class=\"elementor-field-label elementor-screen-only\">\n\t\t\t\t\t\t\t\tEmail\t\t\t\t\t\t\t<\/label>\n\t\t\t\t\t\t\t\t\t\t\t\t\t\t<input size=\"1\" type=\"email\" name=\"form_fields[email]\" id=\"form-field-email\" class=\"elementor-field elementor-size-sm  elementor-field-textual\" placeholder=\"Email\" required=\"required\">\n\t\t\t\t\t\t\t\t\t\t\t<\/div>\n\t\t\t\t\t\t\t\t<div class=\"elementor-field-type-text elementor-field-group elementor-column elementor-field-group-field_db866bb elementor-col-100\">\n\t\t\t\t\t\t\t\t\t\t\t\t<label for=\"form-field-field_db866bb\" class=\"elementor-field-label elementor-screen-only\">\n\t\t\t\t\t\t\t\tEmpresa\t\t\t\t\t\t\t<\/label>\n\t\t\t\t\t\t\t\t\t\t\t\t\t\t<input size=\"1\" type=\"text\" name=\"form_fields[field_db866bb]\" id=\"form-field-field_db866bb\" class=\"elementor-field elementor-size-sm  elementor-field-textual\" placeholder=\"Empresa\">\n\t\t\t\t\t\t\t\t\t\t\t<\/div>\n\t\t\t\t\t\t\t\t<div class=\"elementor-field-type-textarea elementor-field-group elementor-column elementor-field-group-message elementor-col-100 elementor-field-required\">\n\t\t\t\t\t\t\t\t\t\t\t\t<label for=\"form-field-message\" class=\"elementor-field-label elementor-screen-only\">\n\t\t\t\t\t\t\t\tMensage\t\t\t\t\t\t\t<\/label>\n\t\t\t\t\t\t<textarea class=\"elementor-field-textual elementor-field  elementor-size-sm\" name=\"form_fields[message]\" id=\"form-field-message\" rows=\"4\" placeholder=\"Mensage\" required=\"required\"><\/textarea>\t\t\t\t<\/div>\n\t\t\t\t\t\t\t\t<div class=\"elementor-field-type-recaptcha_v3 elementor-field-group elementor-column elementor-field-group-field_8cd18cc elementor-col-100 recaptcha_v3-inline\">\n\t\t\t\t\t<div class=\"elementor-field\" id=\"form-field-field_8cd18cc\"><div class=\"elementor-g-recaptcha\" data-sitekey=\"6Lf7g-EqAAAAAHE8vhMBPFOrsRJjdXxdRRAxdpV6\" data-type=\"v3\" data-action=\"Form\" data-badge=\"inline\" data-size=\"invisible\"><\/div><\/div>\t\t\t\t<\/div>\n\t\t\t\t\t\t\t\t<div class=\"elementor-field-group elementor-column elementor-field-type-submit elementor-col-20 e-form__buttons\">\n\t\t\t\t\t<button class=\"elementor-button elementor-size-md\" type=\"submit\">\n\t\t\t\t\t\t<span class=\"elementor-button-content-wrapper\">\n\t\t\t\t\t\t\t\t\t\t\t\t\t\t\t\t\t\t\t\t\t\t<span class=\"elementor-button-text\">Enviar<\/span>\n\t\t\t\t\t\t\t\t\t\t\t\t\t<\/span>\n\t\t\t\t\t<\/button>\n\t\t\t\t<\/div>\n\t\t\t<\/div>\n\t\t<\/form>\n\t\t\t\t\t\t<\/div>\n\t\t\t\t\t<\/div>\n\t\t\t\t<\/div>\n\t\t\t\t<\/div>\n\t\t","protected":false},"excerpt":{"rendered":"<p>Contacto<\/p>\n","protected":false},"author":1,"featured_media":1426,"parent":0,"menu_order":0,"comment_status":"closed","ping_status":"closed","template":"elementor_header_footer","meta":{"footnotes":""},"class_list":["post-687","page","type-page","status-publish","has-post-thumbnail","hentry"],"yoast_head":"<!-- This site is optimized with the Yoast SEO plugin v27.5 - https:\/\/yoast.com\/product\/yoast-seo-wordpress\/ -->\n<title>Contacto - Alitaware<\/title>\n<meta name=\"description\" content=\"Contactanos. Empresa especializada en innovaci\u00f3n tecnol\u00f3gica y desarrollo de software para la transformaci\u00f3n digital en la industria.\" \/>\n<meta name=\"robots\" content=\"index, follow, max-snippet:-1, max-image-preview:large, max-video-preview:-1\" \/>\n<link rel=\"canonical\" href=\"https:\/\/www.alitaware.com\/web\/contacto\/\" \/>\n<meta property=\"og:locale\" content=\"es_ES\" \/>\n<meta property=\"og:type\" content=\"article\" \/>\n<meta property=\"og:title\" content=\"Contacto - Alitaware\" \/>\n<meta property=\"og:description\" content=\"Contactanos. Empresa especializada en innovaci\u00f3n tecnol\u00f3gica y desarrollo de software para la transformaci\u00f3n digital en la industria.\" \/>\n<meta property=\"og:url\" content=\"https:\/\/www.alitaware.com\/web\/contacto\/\" \/>\n<meta property=\"og:site_name\" content=\"Alitaware\" \/>\n<meta property=\"article:modified_time\" content=\"2026-03-06T15:05:43+00:00\" \/>\n<meta property=\"og:image\" content=\"https:\/\/www.alitaware.com\/web\/wp-content\/uploads\/2025\/03\/cropped-favic-Alitaware.png\" \/>\n\t<meta property=\"og:image:width\" content=\"512\" \/>\n\t<meta property=\"og:image:height\" content=\"512\" \/>\n\t<meta property=\"og:image:type\" content=\"image\/png\" \/>\n<meta name=\"twitter:card\" content=\"summary_large_image\" \/>\n<meta name=\"twitter:label1\" content=\"Tiempo de lectura\" \/>\n\t<meta name=\"twitter:data1\" content=\"1 minuto\" \/>\n<script type=\"application\/ld+json\" class=\"yoast-schema-graph\">{\"@context\":\"https:\\\/\\\/schema.org\",\"@graph\":[{\"@type\":[\"WebPage\",\"ContactPage\"],\"@id\":\"https:\\\/\\\/www.alitaware.com\\\/web\\\/contacto\\\/\",\"url\":\"https:\\\/\\\/www.alitaware.com\\\/web\\\/contacto\\\/\",\"name\":\"Contacto - Alitaware\",\"isPartOf\":{\"@id\":\"https:\\\/\\\/www.alitaware.com\\\/web\\\/#website\"},\"primaryImageOfPage\":{\"@id\":\"https:\\\/\\\/www.alitaware.com\\\/web\\\/contacto\\\/#primaryimage\"},\"image\":{\"@id\":\"https:\\\/\\\/www.alitaware.com\\\/web\\\/contacto\\\/#primaryimage\"},\"thumbnailUrl\":\"https:\\\/\\\/www.alitaware.com\\\/web\\\/wp-content\\\/uploads\\\/2025\\\/03\\\/cropped-favic-Alitaware.png\",\"datePublished\":\"2025-03-17T15:16:33+00:00\",\"dateModified\":\"2026-03-06T15:05:43+00:00\",\"description\":\"Contactanos. Empresa especializada en innovaci\u00f3n tecnol\u00f3gica y desarrollo de software para la transformaci\u00f3n digital en la industria.\",\"breadcrumb\":{\"@id\":\"https:\\\/\\\/www.alitaware.com\\\/web\\\/contacto\\\/#breadcrumb\"},\"inLanguage\":\"es-AR\",\"potentialAction\":[{\"@type\":\"ReadAction\",\"target\":[\"https:\\\/\\\/www.alitaware.com\\\/web\\\/contacto\\\/\"]}]},{\"@type\":\"ImageObject\",\"inLanguage\":\"es-AR\",\"@id\":\"https:\\\/\\\/www.alitaware.com\\\/web\\\/contacto\\\/#primaryimage\",\"url\":\"https:\\\/\\\/www.alitaware.com\\\/web\\\/wp-content\\\/uploads\\\/2025\\\/03\\\/cropped-favic-Alitaware.png\",\"contentUrl\":\"https:\\\/\\\/www.alitaware.com\\\/web\\\/wp-content\\\/uploads\\\/2025\\\/03\\\/cropped-favic-Alitaware.png\",\"width\":512,\"height\":512,\"caption\":\"isologo violeta de Alitaware socio estrat\u00e9gico para la transformaci\u00f3n digital o digitalizaci\u00f3n de procesos industriales\"},{\"@type\":\"BreadcrumbList\",\"@id\":\"https:\\\/\\\/www.alitaware.com\\\/web\\\/contacto\\\/#breadcrumb\",\"itemListElement\":[{\"@type\":\"ListItem\",\"position\":1,\"name\":\"Inicio\",\"item\":\"https:\\\/\\\/www.alitaware.com\\\/web\\\/\"},{\"@type\":\"ListItem\",\"position\":2,\"name\":\"Contacto\"}]},{\"@type\":\"WebSite\",\"@id\":\"https:\\\/\\\/www.alitaware.com\\\/web\\\/#website\",\"url\":\"https:\\\/\\\/www.alitaware.com\\\/web\\\/\",\"name\":\"Alitaware\",\"description\":\"Empresa especializada en innovaci\u00f3n tecnol\u00f3gica y desarrollo de software\",\"publisher\":{\"@id\":\"https:\\\/\\\/www.alitaware.com\\\/web\\\/#organization\"},\"potentialAction\":[{\"@type\":\"SearchAction\",\"target\":{\"@type\":\"EntryPoint\",\"urlTemplate\":\"https:\\\/\\\/www.alitaware.com\\\/web\\\/?s={search_term_string}\"},\"query-input\":{\"@type\":\"PropertyValueSpecification\",\"valueRequired\":true,\"valueName\":\"search_term_string\"}}],\"inLanguage\":\"es-AR\"},{\"@type\":\"Organization\",\"@id\":\"https:\\\/\\\/www.alitaware.com\\\/web\\\/#organization\",\"name\":\"Alitaware\",\"url\":\"https:\\\/\\\/www.alitaware.com\\\/web\\\/\",\"logo\":{\"@type\":\"ImageObject\",\"inLanguage\":\"es-AR\",\"@id\":\"https:\\\/\\\/www.alitaware.com\\\/web\\\/#\\\/schema\\\/logo\\\/image\\\/\",\"url\":\"https:\\\/\\\/www.alitaware.com\\\/web\\\/wp-content\\\/uploads\\\/2025\\\/03\\\/cropped-favic-Alitaware.png\",\"contentUrl\":\"https:\\\/\\\/www.alitaware.com\\\/web\\\/wp-content\\\/uploads\\\/2025\\\/03\\\/cropped-favic-Alitaware.png\",\"width\":512,\"height\":512,\"caption\":\"Alitaware\"},\"image\":{\"@id\":\"https:\\\/\\\/www.alitaware.com\\\/web\\\/#\\\/schema\\\/logo\\\/image\\\/\"},\"sameAs\":[\"https:\\\/\\\/www.linkedin.com\\\/company\\\/alitaware\",\"https:\\\/\\\/www.youtube.com\\\/@alitaware2033\"]}]}<\/script>\n<!-- \/ Yoast SEO plugin. -->","yoast_head_json":{"title":"Contacto - Alitaware","description":"Contactanos. Empresa especializada en innovaci\u00f3n tecnol\u00f3gica y desarrollo de software para la transformaci\u00f3n digital en la industria.","robots":{"index":"index","follow":"follow","max-snippet":"max-snippet:-1","max-image-preview":"max-image-preview:large","max-video-preview":"max-video-preview:-1"},"canonical":"https:\/\/www.alitaware.com\/web\/contacto\/","og_locale":"es_ES","og_type":"article","og_title":"Contacto - Alitaware","og_description":"Contactanos. Empresa especializada en innovaci\u00f3n tecnol\u00f3gica y desarrollo de software para la transformaci\u00f3n digital en la industria.","og_url":"https:\/\/www.alitaware.com\/web\/contacto\/","og_site_name":"Alitaware","article_modified_time":"2026-03-06T15:05:43+00:00","og_image":[{"width":512,"height":512,"url":"https:\/\/www.alitaware.com\/web\/wp-content\/uploads\/2025\/03\/cropped-favic-Alitaware.png","type":"image\/png"}],"twitter_card":"summary_large_image","twitter_misc":{"Tiempo de lectura":"1 minuto"},"schema":{"@context":"https:\/\/schema.org","@graph":[{"@type":["WebPage","ContactPage"],"@id":"https:\/\/www.alitaware.com\/web\/contacto\/","url":"https:\/\/www.alitaware.com\/web\/contacto\/","name":"Contacto - Alitaware","isPartOf":{"@id":"https:\/\/www.alitaware.com\/web\/#website"},"primaryImageOfPage":{"@id":"https:\/\/www.alitaware.com\/web\/contacto\/#primaryimage"},"image":{"@id":"https:\/\/www.alitaware.com\/web\/contacto\/#primaryimage"},"thumbnailUrl":"https:\/\/www.alitaware.com\/web\/wp-content\/uploads\/2025\/03\/cropped-favic-Alitaware.png","datePublished":"2025-03-17T15:16:33+00:00","dateModified":"2026-03-06T15:05:43+00:00","description":"Contactanos. Empresa especializada en innovaci\u00f3n tecnol\u00f3gica y desarrollo de software para la transformaci\u00f3n digital en la industria.","breadcrumb":{"@id":"https:\/\/www.alitaware.com\/web\/contacto\/#breadcrumb"},"inLanguage":"es-AR","potentialAction":[{"@type":"ReadAction","target":["https:\/\/www.alitaware.com\/web\/contacto\/"]}]},{"@type":"ImageObject","inLanguage":"es-AR","@id":"https:\/\/www.alitaware.com\/web\/contacto\/#primaryimage","url":"https:\/\/www.alitaware.com\/web\/wp-content\/uploads\/2025\/03\/cropped-favic-Alitaware.png","contentUrl":"https:\/\/www.alitaware.com\/web\/wp-content\/uploads\/2025\/03\/cropped-favic-Alitaware.png","width":512,"height":512,"caption":"isologo violeta de Alitaware socio estrat\u00e9gico para la transformaci\u00f3n digital o digitalizaci\u00f3n de procesos industriales"},{"@type":"BreadcrumbList","@id":"https:\/\/www.alitaware.com\/web\/contacto\/#breadcrumb","itemListElement":[{"@type":"ListItem","position":1,"name":"Inicio","item":"https:\/\/www.alitaware.com\/web\/"},{"@type":"ListItem","position":2,"name":"Contacto"}]},{"@type":"WebSite","@id":"https:\/\/www.alitaware.com\/web\/#website","url":"https:\/\/www.alitaware.com\/web\/","name":"Alitaware","description":"Empresa especializada en innovaci\u00f3n tecnol\u00f3gica y desarrollo de software","publisher":{"@id":"https:\/\/www.alitaware.com\/web\/#organization"},"potentialAction":[{"@type":"SearchAction","target":{"@type":"EntryPoint","urlTemplate":"https:\/\/www.alitaware.com\/web\/?s={search_term_string}"},"query-input":{"@type":"PropertyValueSpecification","valueRequired":true,"valueName":"search_term_string"}}],"inLanguage":"es-AR"},{"@type":"Organization","@id":"https:\/\/www.alitaware.com\/web\/#organization","name":"Alitaware","url":"https:\/\/www.alitaware.com\/web\/","logo":{"@type":"ImageObject","inLanguage":"es-AR","@id":"https:\/\/www.alitaware.com\/web\/#\/schema\/logo\/image\/","url":"https:\/\/www.alitaware.com\/web\/wp-content\/uploads\/2025\/03\/cropped-favic-Alitaware.png","contentUrl":"https:\/\/www.alitaware.com\/web\/wp-content\/uploads\/2025\/03\/cropped-favic-Alitaware.png","width":512,"height":512,"caption":"Alitaware"},"image":{"@id":"https:\/\/www.alitaware.com\/web\/#\/schema\/logo\/image\/"},"sameAs":["https:\/\/www.linkedin.com\/company\/alitaware","https:\/\/www.youtube.com\/@alitaware2033"]}]}},"_links":{"self":[{"href":"https:\/\/www.alitaware.com\/web\/wp-json\/wp\/v2\/pages\/687","targetHints":{"allow":["GET"]}}],"collection":[{"href":"https:\/\/www.alitaware.com\/web\/wp-json\/wp\/v2\/pages"}],"about":[{"href":"https:\/\/www.alitaware.com\/web\/wp-json\/wp\/v2\/types\/page"}],"author":[{"embeddable":true,"href":"https:\/\/www.alitaware.com\/web\/wp-json\/wp\/v2\/users\/1"}],"replies":[{"embeddable":true,"href":"https:\/\/www.alitaware.com\/web\/wp-json\/wp\/v2\/comments?post=687"}],"version-history":[{"count":37,"href":"https:\/\/www.alitaware.com\/web\/wp-json\/wp\/v2\/pages\/687\/revisions"}],"predecessor-version":[{"id":4398,"href":"https:\/\/www.alitaware.com\/web\/wp-json\/wp\/v2\/pages\/687\/revisions\/4398"}],"wp:featuredmedia":[{"embeddable":true,"href":"https:\/\/www.alitaware.com\/web\/wp-json\/wp\/v2\/media\/1426"}],"wp:attachment":[{"href":"https:\/\/www.alitaware.com\/web\/wp-json\/wp\/v2\/media?parent=687"}],"curies":[{"name":"wp","href":"https:\/\/api.w.org\/{rel}","templated":true}]}}